{"id":25,"date":"2025-10-08T16:49:19","date_gmt":"2025-10-08T14:49:19","guid":{"rendered":"https:\/\/werka732.pl\/?page_id=25"},"modified":"2025-10-09T00:30:39","modified_gmt":"2025-10-08T22:30:39","slug":"spotkanie","status":"publish","type":"page","link":"https:\/\/werka732.pl\/?page_id=25","title":{"rendered":"SPOTKANIE"},"content":{"rendered":"\n<p class=\"wp-block-paragraph\">Zapraszam na Spotkanie &#8211; KRAK\u00d3W &#8211; PODG\u00d3RZE<\/p>\n\n\n\n<p class=\"wp-block-paragraph\">od 10.00 RANO do 20.00 koszt 1h to 250 z\u0142<\/p>\n\n\n\n<p class=\"wp-block-paragraph\">od 20.00 do 9 RANO koszt 1h to 300 z\u0142<\/p>\n\n\n\n<p class=\"wp-block-paragraph\">SPOTKANIE OD 22.00 DO 7.00 TO  KOSZT 3000 Z\u0141<\/p>\n\n\n\n<p class=\"wp-block-paragraph\">SEX TYLKO W PREZERWATYWIE<\/p>\n\n\n\n<p class=\"wp-block-paragraph\"><\/p>\n\n\n\n<p class=\"wp-block-paragraph\">NUMER\u00d3W ZASTRZE\u017bONYCH NIE ODBIERAM<\/p>\n\n\n\n<p class=\"wp-block-paragraph\">PAMIETAJ DZWO\u0143. NIE ODPISUJE NA SMSy<\/p>\n\n\n\n<figure class=\"wp-block-image size-large\"><img loading=\"lazy\" decoding=\"async\" width=\"683\" height=\"1024\" src=\"https:\/\/werka732.pl\/wp-content\/uploads\/2025\/10\/przerazajace-sylwetki-rak-w-studio-683x1024.jpg\" alt=\"\" class=\"wp-image-60\" srcset=\"https:\/\/werka732.pl\/wp-content\/uploads\/2025\/10\/przerazajace-sylwetki-rak-w-studio-683x1024.jpg 683w, https:\/\/werka732.pl\/wp-content\/uploads\/2025\/10\/przerazajace-sylwetki-rak-w-studio-200x300.jpg 200w, https:\/\/werka732.pl\/wp-content\/uploads\/2025\/10\/przerazajace-sylwetki-rak-w-studio-768x1152.jpg 768w\" sizes=\"auto, (max-width: 683px) 100vw, 683px\" \/><\/figure>\n","protected":false},"excerpt":{"rendered":"<p>Zapraszam na Spotkanie &#8211; KRAK\u00d3W &#8211; PODG\u00d3RZE od 10.00 RANO do 20.00 koszt 1h to 250 z\u0142 od 20.00 do 9 RANO koszt 1h to 300 z\u0142 SPOTKANIE OD 22.00 DO 7.00 TO KOSZT 3000 Z\u0141 SEX TYLKO W PREZERWATYWIE &hellip; <a href=\"https:\/\/werka732.pl\/?page_id=25\">Czytaj dalej <span class=\"meta-nav\">&rarr;<\/span><\/a><\/p>\n","protected":false},"author":1,"featured_media":0,"parent":0,"menu_order":0,"comment_status":"closed","ping_status":"closed","template":"","meta":{"_crdt_document":"","footnotes":""},"class_list":["post-25","page","type-page","status-publish","hentry"],"_links":{"self":[{"href":"https:\/\/werka732.pl\/index.php?rest_route=\/wp\/v2\/pages\/25","targetHints":{"allow":["GET"]}}],"collection":[{"href":"https:\/\/werka732.pl\/index.php?rest_route=\/wp\/v2\/pages"}],"about":[{"href":"https:\/\/werka732.pl\/index.php?rest_route=\/wp\/v2\/types\/page"}],"author":[{"embeddable":true,"href":"https:\/\/werka732.pl\/index.php?rest_route=\/wp\/v2\/users\/1"}],"replies":[{"embeddable":true,"href":"https:\/\/werka732.pl\/index.php?rest_route=%2Fwp%2Fv2%2Fcomments&post=25"}],"version-history":[{"count":5,"href":"https:\/\/werka732.pl\/index.php?rest_route=\/wp\/v2\/pages\/25\/revisions"}],"predecessor-version":[{"id":98,"href":"https:\/\/werka732.pl\/index.php?rest_route=\/wp\/v2\/pages\/25\/revisions\/98"}],"wp:attachment":[{"href":"https:\/\/werka732.pl\/index.php?rest_route=%2Fwp%2Fv2%2Fmedia&parent=25"}],"curies":[{"name":"wp","href":"https:\/\/api.w.org\/{rel}","templated":true}]}}