{"id":26,"date":"2025-10-08T16:49:19","date_gmt":"2025-10-08T14:49:19","guid":{"rendered":"https:\/\/werka732.pl\/?page_id=26"},"modified":"2025-10-26T11:39:54","modified_gmt":"2025-10-26T10:39:54","slug":"sexpokaz","status":"publish","type":"page","link":"https:\/\/werka732.pl\/","title":{"rendered":"SEXpokaz"},"content":{"rendered":"\n<p class=\"wp-block-paragraph\">Sexpokaz ABY zam\u00f3wi\u0107 to pisz TYLKO na whats up i wp\u0142a\u0107&nbsp;<\/p>\n\n\n\n<p class=\"wp-block-paragraph\">SexPokaz tylko po otrzymaniu \u015brodk\u00f3w<\/p>\n\n\n\n<p class=\"wp-block-paragraph\">WARUNEK ABY POKAZ SI\u0118 ODBY\u0141 MASZ W\u0141\u0104CZY\u0106 KAMERK\u0118 -MUSISZ BY\u0106 PE\u0141NOLETNI&nbsp;<\/p>\n\n\n\n<p class=\"wp-block-paragraph\">SEXpokazy KAMERKA :<\/p>\n\n\n\n<p class=\"wp-block-paragraph\">30 s&nbsp; WERYFIKACJA + ROZMOWA KOSZT 20 Z\u0141 (weryfikacja jesli chcesz )NIE WLICZA SI\u0118 W KOSZT POKAZU<\/p>\n\n\n\n<p class=\"wp-block-paragraph\"><\/p>\n\n\n\n<p class=\"wp-block-paragraph\">5 min 70 z\u0142 MINI +ANAL<\/p>\n\n\n\n<p class=\"wp-block-paragraph\">15 min 80 z\u0142 STANDART+ANAL<\/p>\n\n\n\n<p class=\"wp-block-paragraph\">15 min 100 z\u0142 DOMINACJA +PISS+ANAL<\/p>\n\n\n\n<p class=\"wp-block-paragraph\">15 min 150 z\u0142 MLECZNY WYTRYSK+PISS+ANAL<\/p>\n\n\n\n<p class=\"wp-block-paragraph\">Jesli chcesz Zobaczyc jak tryskam z mojej Cipki lub z dupki <\/p>\n\n\n\n<p class=\"wp-block-paragraph\">30 min 185 z\u0142 FANTAZJA(30 min JAZDA NA Full)+PISS+ANAL<\/p>\n\n\n\n<p class=\"wp-block-paragraph\">SEXtelefon:&nbsp;<\/p>\n\n\n\n<p class=\"wp-block-paragraph\">10 min 50 z\u0142 SEXTELEFON<\/p>\n\n\n\n<p class=\"wp-block-paragraph\"><\/p>\n\n\n\n<p class=\"wp-block-paragraph\">P\u0141ATNO\u015aCI:- MASZ DWA NUMERY NA BLIK, KOD BLIK ,ZEN ,PAYPAL ORAZ LIK DO REVOLUTa<\/p>\n\n\n\n<p class=\"wp-block-paragraph\">BLIK Millenium&nbsp;&nbsp;<a href=\"tel:+48%20791%20795%20846\">791 795 846<\/a><\/p>\n\n\n\n<p class=\"wp-block-paragraph\">28 1160 2202 0000 0004 6356 2912&nbsp;<\/p>\n\n\n\n<p class=\"wp-block-paragraph\">PODAJ KWOT\u0118<\/p>\n\n\n\n<p class=\"wp-block-paragraph\">NAST\u0118PNIE KOD BLIK&nbsp;<\/p>\n\n\n\n<p class=\"wp-block-paragraph\">Po czym akceptujesz p\u0142atno\u015b\u0107<\/p>\n\n\n\n<p class=\"wp-block-paragraph\">Revolut\u00a0BLIK 731105465<\/p>\n\n\n\n<p class=\"wp-block-paragraph\"><a href=\"https:\/\/revolut.me\/pokazy732\">https:\/\/revolut.me\/pokazy732<\/a><\/p>\n\n\n\n<p class=\"wp-block-paragraph\">ZEN Buddies<\/p>\n\n\n\n<p class=\"wp-block-paragraph\">Wera 792982224<\/p>\n\n\n\n<p class=\"wp-block-paragraph\">Paypal<\/p>\n\n\n\n<p class=\"wp-block-paragraph\"><a href=\"http:\/\/www.paypal.me\/pokazy\">www.paypal.me\/pokazy<\/a><\/p>\n\n\n\n<p class=\"wp-block-paragraph\">Sex pokaz trwa 5 do 30 min. Twarz widoczna.ja kamerk\u0119 w\u0142\u0105czam , ty swoj\u0105 tez w\u0142\u0105cz !<\/p>\n\n\n\n<p class=\"wp-block-paragraph\"><\/p>\n\n\n\n<p class=\"wp-block-paragraph\"><\/p>\n\n\n\n<p class=\"wp-block-paragraph\">STANDART<br>SEXPOKAZ ZAWIERA &#8211; WZAJEMN\u0104 ZABAW\u0118 &#8211; MASTURBACJE &#8211; MOZLIWY ANAL &#8211; TWARZ WIDOCZNA- 15 MIN<\/p>\n\n\n\n<p class=\"wp-block-paragraph\">DOMINACJA<br>SEXPOKAZ ZAWIERA &#8211; WZAJEMN\u0104 ZABAW\u0118 &#8211; MASTURBACJE &#8211; MOZLIWY ANAL ORAZ PISS &#8211; WYBIERASZ JAK MAM SIE UBRA\u0106 NA SEXPOKAZ &#8211; TWARZ WIDOCZNA- 15 MIN<br>ZDOMINUJE CI\u0118 TAK JAK LUBISZ &#8211; MO\u017bLIWE WYZWISKA- NIE WYKONUJE DOMINACJI MEDYCZNEJ.<br>NAPISZ NA WHATS UP TO USTALIMY .<\/p>\n\n\n\n<p class=\"wp-block-paragraph\">MLECZNY WYTRYSK<br>SEXPOKAZ ZAWIERA &#8211; WZAJEMN\u0104 ZABAW\u0118 &#8211; MASTURBACJE &#8211; MOZLIWY ANAL ORAZ PISS- TWARZ WIDOCZNA- 15 MIN .<br>ZOBACZ JAK TRYSKAM . LUBIE TO<\/p>\n\n\n\n<p class=\"wp-block-paragraph\">FANTAZJA &#8211; JAZDA NA MAXA<br>SEXPOKAZ ZAWIERA &#8211; WZAJEMN\u0104 ZABAW\u0118 &#8211; MASTURBACJE &#8211; MOZLIWY ANAL ORAZ PISS- TWARZ WIDOCZNA- 30 MIN .<br>PO WP\u0141ACIE USTATALAMY CO CHCESZ ABY ZOBACZYC NA POKAZIE . TO CO CIE PODNIECA. ( PAMI\u0118TAJ W GRANIACH ROZS\u0104DKU )<\/p>\n\n\n\n<p class=\"wp-block-paragraph\">SEXPOKAZ TYLKO JAK KASA DOJDZIE .<\/p>\n\n\n\n<p class=\"wp-block-paragraph\">SEXPOKAZ<br>PO OTRZYMANIU WP\u0141ATY CZEKASZ DO 6-7 MIN I ZACZYNAMY.<br>SPRAWDZAM NA KAMERCE CZY JESTES PE\u0141NOLETNI<br>ORAZ CZY JEST TO JEDNA OSOBA &#8211; A NIE TLUM LUDZI<br>WIDZIMY SI\u0118 NA KAMERKACH I DZIA\u0141AMY<\/p>\n\n\n\n<p class=\"wp-block-paragraph\">PE\u0141NA DYSKRECJA<br>ZROZUM TO ZABAWA I SPE\u0141NIENIE<\/p>\n\n\n\n<p class=\"wp-block-paragraph\">OSOBY KT\u00d3RE NAGRYWAJ\u0104 I OPUBLIKUJ\u0104 M\u00d3J WIZERUNEK PONIOS\u0104 TEGO KONSEKWENCJE.<\/p>\n\n\n\n<p class=\"wp-block-paragraph\"><\/p>\n\n\n\n<p class=\"wp-block-paragraph\"><\/p>\n\n\n\n<p class=\"wp-block-paragraph\">WARUNEK ABY POKAZ SI\u0118 ODBY\u0141 MASZ W\u0141\u0104CZY\u0106 KAMERK\u0118 -MUSISZ BY\u0106 PE\u0141NOLETNI<\/p>\n\n\n\n<figure class=\"wp-block-image size-full\"><img loading=\"lazy\" decoding=\"async\" width=\"6400\" height=\"8000\" src=\"https:\/\/werka732.pl\/wp-content\/uploads\/2025\/10\/przerazajace-sylwetki-dloni-w-studio.jpg\" alt=\"\" class=\"wp-image-73\"\/><\/figure>\n","protected":false},"excerpt":{"rendered":"<p>Sexpokaz ABY zam\u00f3wi\u0107 to pisz TYLKO na whats up i wp\u0142a\u0107&nbsp; SexPokaz tylko po otrzymaniu \u015brodk\u00f3w WARUNEK ABY POKAZ SI\u0118 ODBY\u0141 MASZ W\u0141\u0104CZY\u0106 KAMERK\u0118 -MUSISZ BY\u0106 PE\u0141NOLETNI&nbsp; SEXpokazy KAMERKA : 30 s&nbsp; WERYFIKACJA + ROZMOWA KOSZT 20 Z\u0141 (weryfikacja jesli &hellip; <a href=\"https:\/\/werka732.pl\/\">Czytaj dalej <span class=\"meta-nav\">&rarr;<\/span><\/a><\/p>\n","protected":false},"author":1,"featured_media":0,"parent":0,"menu_order":0,"comment_status":"closed","ping_status":"closed","template":"","meta":{"_crdt_document":"","footnotes":""},"class_list":["post-26","page","type-page","status-publish","hentry"],"_links":{"self":[{"href":"https:\/\/werka732.pl\/index.php?rest_route=\/wp\/v2\/pages\/26","targetHints":{"allow":["GET"]}}],"collection":[{"href":"https:\/\/werka732.pl\/index.php?rest_route=\/wp\/v2\/pages"}],"about":[{"href":"https:\/\/werka732.pl\/index.php?rest_route=\/wp\/v2\/types\/page"}],"author":[{"embeddable":true,"href":"https:\/\/werka732.pl\/index.php?rest_route=\/wp\/v2\/users\/1"}],"replies":[{"embeddable":true,"href":"https:\/\/werka732.pl\/index.php?rest_route=%2Fwp%2Fv2%2Fcomments&post=26"}],"version-history":[{"count":14,"href":"https:\/\/werka732.pl\/index.php?rest_route=\/wp\/v2\/pages\/26\/revisions"}],"predecessor-version":[{"id":172,"href":"https:\/\/werka732.pl\/index.php?rest_route=\/wp\/v2\/pages\/26\/revisions\/172"}],"wp:attachment":[{"href":"https:\/\/werka732.pl\/index.php?rest_route=%2Fwp%2Fv2%2Fmedia&parent=26"}],"curies":[{"name":"wp","href":"https:\/\/api.w.org\/{rel}","templated":true}]}}